{"id":30,"date":"2022-09-24T18:01:08","date_gmt":"2022-09-24T16:01:08","guid":{"rendered":"http:\/\/oywfhsl.cluster030.hosting.ovh.net\/?page_id=30"},"modified":"2022-09-24T21:45:51","modified_gmt":"2022-09-24T19:45:51","slug":"nous-soutenir","status":"publish","type":"page","link":"https:\/\/www.montessorennes.fr\/index.php\/nous-soutenir\/","title":{"rendered":"Nous soutenir"},"content":{"rendered":"\n<h2 class=\"wp-block-heading\">Nous soutenir<\/h2>\n\n\n\n<p><strong>Montesso\u2019Rennes <\/strong>est une \u00e9cole priv\u00e9e hors contrat. A ce titre elle ne b\u00e9n\u00e9ficie d\u2019aucune aide financi\u00e8re de l\u2019Etat ni des collectivit\u00e9s locales. Les d\u00e9penses de fonctionnement, d\u2019\u00e9quipement, et de salaires sont financ\u00e9es uniquement par les frais de scolarit\u00e9s et les dons.<\/p>\n\n\n\n<p>L\u2019\u00e9cole a un mode de fonctionnement associatif, et Montesso\u2019Rennes est une association d\u2019int\u00e9r\u00eat g\u00e9n\u00e9ral. Elle peut \u00e0 ce titre recevoir des <strong>dons<\/strong> d\u00e9ductibles des imp\u00f4ts \u00e0 hauteur de 66% pour les particuliers et de 60% pour les entreprises.<\/p>\n\n\n\n<p>Vous pouvez donc nous soutenir, par un don, dans un cadre fiscal tr\u00e8s favorable : si vous donnez 100\u20ac \u00e0 l\u2019association, vous ne paierez en r\u00e9alit\u00e9 que 34 \u20ac, les 66 \u20ac restants \u00e9tant d\u00e9duits de vos imp\u00f4ts. (cf la fiche MontessoRennes Don explication.doc).<\/p>\n\n\n\n<p>Le co\u00fbt de la scolarit\u00e9 ne doit pas \u00eatre un frein \u00e0 l&rsquo;inscription d&rsquo;un enfant. En cas de difficult\u00e9, contacter l\u2019association pour \u00e9tudier les possibilit\u00e9s de soutien (parrainage, bourse,&#8230;).<\/p>\n\n\n\n<p><strong>Le parrainage<\/strong>:&nbsp;Vous pouvez parrainer un ou plusieurs enfants tout au long de l\u2019ann\u00e9e. Cela permettra d&rsquo;all\u00e9ger le co\u00fbt de la scolarit\u00e9 d\u2019une ou plusieurs familles.<\/p>\n\n\n\n<p><strong>Bourse d&rsquo;\u00e9tude<\/strong>&nbsp;: Gr\u00e2ce \u00e0 l&rsquo;intervention de m\u00e9c\u00e8nes (particuliers et entreprises) qui soutiennent notre projet, une bourse d&rsquo;\u00e9tude pourra \u00eatre accord\u00e9e aux enfants dont les parents ont des difficult\u00e9s pour financer leur scolarit\u00e9 dans notre \u00e9cole. Cette bourse d&rsquo;\u00e9tude, qui pourra repr\u00e9senter jusqu&rsquo;\u00e0 70% des frais de scolarit\u00e9, pourrait \u00eatre accord\u00e9e aux parents apr\u00e8s \u00e9tude de leur dossier.<\/p>\n\n\n\n<p>Vous pouvez donc soutenir l&rsquo;\u00e9cole de diff\u00e9rentes mani\u00e8res&nbsp;:<\/p>\n\n\n\n<p>&#8211;\u00a0<strong>En faisant\u00a0un don <\/strong>en remplissant le <a href=\"http:\/\/oywfhsl.cluster030.hosting.ovh.net\/wp-content\/uploads\/2022\/09\/MontessoRennes-Bulletin-de-don-particulier.pdf\" target=\"_blank\" rel=\"noreferrer noopener\">bulletin de don<\/a>.<\/p>\n\n\n\n<p>&#8211;\u00a0<strong>En parrainant un enfant :<\/strong>\u00a0 en remplissant le <a href=\"http:\/\/oywfhsl.cluster030.hosting.ovh.net\/wp-content\/uploads\/2022\/09\/MontessoRennes-Bulletin-de-parrainage.pdf\" target=\"_blank\" rel=\"noreferrer noopener\">bulletin de parrainage<\/a>.<\/p>\n\n\n\n<p>&#8211; <strong>En adh\u00e9rent \u00e0 l\u2019association :<\/strong>&nbsp;Vous pouvez \u00e9galement soutenir l&rsquo;Association en devenant Membre Adh\u00e9rent moyennant une cotisation annuelle s&rsquo;\u00e9levant \u00e0 15\u20ac. (Vous pouvez quitter l&rsquo;Association \u00e0 tout moment par simple demande \u00e9crite.)<\/p>\n\n\n\n<h4 class=\"wp-block-heading\">&nbsp;<strong>Merci chaleureusement \u00e0 vous quel que soit votre soutien !<\/strong><\/h4>\n\n\n\n<p>Pour de plus amples explications:<\/p>\n\n\n\n<p>T\u00e9l\u00e9charger la plaquette \u00ab<a href=\"http:\/\/oywfhsl.cluster030.hosting.ovh.net\/wp-content\/uploads\/2022\/09\/Plaquette-MontessoRennes.pdf\" target=\"_blank\" rel=\"noreferrer noopener\">Plaquette Montesso&rsquo;Rennes<\/a>\u00bb<\/p>\n\n\n\n<p>T\u00e9l\u00e9charger le fichier \u00ab<a href=\"http:\/\/oywfhsl.cluster030.hosting.ovh.net\/wp-content\/uploads\/2022\/09\/MontessoRennes-Don-explication.pdf\" target=\"_blank\" rel=\"noreferrer noopener\">MontessoRennes Don explication<\/a>\u00bb<\/p>\n","protected":false},"excerpt":{"rendered":"<p>Nous soutenir Montesso\u2019Rennes est une \u00e9cole priv\u00e9e hors contrat. A ce titre elle ne b\u00e9n\u00e9ficie d\u2019aucune aide financi\u00e8re de l\u2019Etat ni des collectivit\u00e9s locales. Les &hellip; <\/p>\n","protected":false},"author":1,"featured_media":0,"parent":0,"menu_order":0,"comment_status":"closed","ping_status":"closed","template":"","meta":{"footnotes":""},"class_list":["post-30","page","type-page","status-publish","hentry","latest_post"],"_links":{"self":[{"href":"https:\/\/www.montessorennes.fr\/index.php\/wp-json\/wp\/v2\/pages\/30","targetHints":{"allow":["GET"]}}],"collection":[{"href":"https:\/\/www.montessorennes.fr\/index.php\/wp-json\/wp\/v2\/pages"}],"about":[{"href":"https:\/\/www.montessorennes.fr\/index.php\/wp-json\/wp\/v2\/types\/page"}],"author":[{"embeddable":true,"href":"https:\/\/www.montessorennes.fr\/index.php\/wp-json\/wp\/v2\/users\/1"}],"replies":[{"embeddable":true,"href":"https:\/\/www.montessorennes.fr\/index.php\/wp-json\/wp\/v2\/comments?post=30"}],"version-history":[{"count":6,"href":"https:\/\/www.montessorennes.fr\/index.php\/wp-json\/wp\/v2\/pages\/30\/revisions"}],"predecessor-version":[{"id":287,"href":"https:\/\/www.montessorennes.fr\/index.php\/wp-json\/wp\/v2\/pages\/30\/revisions\/287"}],"wp:attachment":[{"href":"https:\/\/www.montessorennes.fr\/index.php\/wp-json\/wp\/v2\/media?parent=30"}],"curies":[{"name":"wp","href":"https:\/\/api.w.org\/{rel}","templated":true}]}}